{"id":154,"date":"2009-08-31T09:40:11","date_gmt":"2009-08-31T07:40:11","guid":{"rendered":"http:\/\/www.scuolacooperativa.net\/wordpress\/?page_id=154"},"modified":"2009-08-31T09:40:11","modified_gmt":"2009-08-31T07:40:11","slug":"usi-di-wordpress","status":"publish","type":"page","link":"https:\/\/icripalimosani.edu.it\/site\/tutorial\/usi-di-wordpress\/","title":{"rendered":"Usi di WordPress"},"content":{"rendered":"<h3><a href=\"http:\/\/www.icripalimosani.edu.it\/wp-content\/uploads\/2009\/08\/wordpress-logo-cristalthumbnail-300x3001.jpg\"><img decoding=\"async\" loading=\"lazy\" class=\"size-thumbnail wp-image-161 alignleft\" title=\"logo\" src=\"http:\/\/www.scuolacooperativa.net\/wordpress\/wp-content\/uploads\/2009\/08\/wordpress-logo-cristalthumbnail-300x300-96x96.jpg\" alt=\"logo\" width=\"96\" height=\"96\" \/><\/a><\/p>\n<p>Perch\u00e9 usare wordpress per il sito della scuola?<\/h3>\n<p>WordPress \u00e8 una piattaforma per la creazione di blog, o almeno come tale \u00e8 nato nel 2003 dalla fantasia e dall&#8217;impegno di un giovanissimo imprenditore statunitense, Matt Mullenweg. Le versioni pi\u00f9 recenti hanno apportato modifiche sensibili, rendendolo praticamente un CMS (Content Manegement System) a tutti gli effetti, capace cio\u00e8 di gestire non solo blog, ma veri e propri siti, con diverse possibilit\u00e0 di organizzazione dei contenuti.<\/p>\n<p>Snello e leggero (anche in termini di bites) , \u00e8 molto pi\u00f9 semplice da utilizzare rispetto ad altri CMS, pi\u00f9 robusti e completi e ci\u00f2 nonostante permette la costruzione di siti conformi ai requisiti di accessibilit\u00e0 senza bisogno di interventi pesanti sul codice.<\/p>\n<p>Per quel che riguarda la costruzione del sito di una scuola, WordPress pu\u00f2 venire in aiuto in pi\u00f9 di un modo.<\/p>\n<h3>Primo caso<\/h3>\n<p><a href=\"http:\/\/www.icripalimosani.edu.it\/wp-content\/uploads\/2009\/08\/unione_fa_forza1.jpg\"><img decoding=\"async\" loading=\"lazy\" class=\"alignright size-thumbnail wp-image-170\" title=\"unione_fa_forza\" src=\"http:\/\/www.scuolacooperativa.net\/wordpress\/wp-content\/uploads\/2009\/08\/unione_fa_forza-96x96.jpg\" alt=\"unione_fa_forza\" width=\"96\" height=\"96\" \/><\/a>Se possediamo gi\u00e0 un sito statico, che ci \u00e8 costato fatica, ci piace cos\u00ec com&#8217; \u00e8 e non lo vorremmo cambiare, almeno per il momento, possiamo prendere in considerazione la possibilit\u00e0 di usare WordPress per creare una sezione dinamica che contenga le news della scuola, aggiornate facilmente in tempo reale, anche con contributi di pi\u00f9 persone. Un aiuto per chi si trova in questa situazione \u00e8 alla <a href=\"http:\/\/www.scuolacooperativa.net\/wordpress\/tutorial\/un-blog-per-un-sito-statico\/\">pagina dedicata alla costruzione di un semplice blog con wordpress<\/a>.<\/p>\n<h3>Secondo caso<\/h3>\n<p><a href=\"http:\/\/www.icripalimosani.edu.it\/wp-content\/uploads\/2009\/08\/wordpress-themes1.jpg\"><img decoding=\"async\" loading=\"lazy\" class=\"alignleft size-thumbnail wp-image-165\" title=\"wordpress-themes\" src=\"http:\/\/www.scuolacooperativa.net\/wordpress\/wp-content\/uploads\/2009\/08\/wordpress-themes-96x96.jpg\" alt=\"wordpress-themes\" width=\"96\" height=\"96\" \/><\/a><br \/>\nVogliamo provare a costruire il nostro sito completamente in WordPress, sfruttando le opportunit\u00e0 di organizzazione delle informazioni che lo strumento ci offre. Con WordPress \u00e8 possibile creare, all\u2019interno dello stesso sito, un insieme di cosiddette pagine statiche, organizzate gerarchicamente e, contestualmente, un insieme di cosiddetti articoli, organizzati in \u201ccategorie\u201d. Le categorie in WordPress, funzionano in modo diverso, dal punto di vista classificatorio, dalle sezioni in cui vengono suddivise e raccolte le pagine statiche; esse infatti, pur essendo a loro volta gerarchizzabili, non sono delle vere e proprie classi: un articolo pu\u00f2 essere contenuto in pi\u00f9 categorie contemporaneamente ed essere pertanto raggiungibile attraverso pi\u00f9 di un percorso.<\/p>\n<p>In questo caso possiamo pubblicare il sito della scuola scegliendo uno dei moltissimi temi gratuiti messi a disposizione sul sito ufficiale.<\/p>\n<h3>Terzo caso<\/h3>\n<p><a href=\"http:\/\/www.icripalimosani.edu.it\/wp-content\/uploads\/2009\/08\/wordpress-plugin1.jpg\"><img decoding=\"async\" loading=\"lazy\" class=\"alignright size-thumbnail wp-image-168\" title=\"wordpress-plugin\" src=\"http:\/\/www.scuolacooperativa.net\/wordpress\/wp-content\/uploads\/2009\/08\/wordpress-plugin-96x96.jpg\" alt=\"wordpress-plugin\" width=\"96\" height=\"96\" \/><\/a>Vogliamo provare ad ampliare le potenzialit\u00e0 di WordPress e farne quindi un uso avanzato. Questo \u00e8 possibile mediante l&#8217;installazione dei cosiddetti plugin: i plugin sono dei comonendi aggiuntivi che ampliano le caratteristiche e le prestazioni di WordPress.\u00a0 Si scaricano dall&#8217;apposita directory e si installano agevolmente dal pannello di amministrazione del sito. Ne esistono di tutti i tipi: per ampliare le funzionalit\u00e0 di authoring, per integrare le opportunit\u00e0 di navigazione o di gestione degli utenti, per organizzare gallerie di immagini, e cos\u00ec via.<\/p>\n<p>Con l&#8217;utilizzo dei plugin \u00e8 possibilie personalizzare a piacimento il proprio sito.<\/p>\n<h3>Quarto caso<\/h3>\n<p><a href=\"http:\/\/www.icripalimosani.edu.it\/wp-content\/uploads\/2009\/08\/screenshot1.png\"><img decoding=\"async\" loading=\"lazy\" class=\"size-thumbnail wp-image-162 alignleft\" title=\"screenshot\" src=\"http:\/\/www.scuolacooperativa.net\/wordpress\/wp-content\/uploads\/2009\/08\/screenshot-96x96.png\" alt=\"screenshot\" width=\"96\" height=\"96\" \/><\/a><br \/>\nSe vogliamo un sito accessibile, adattato alle esigenze di una scuola, ma non ci sentiamo ancira abbastanza esperti per fare tutto da soli, possiamo scaricare il modello di sito che \u00e8 stato creato in WordPress appositamente per la comunit\u00e0 di PorteAperteSulWeb, ossia il sito che stiamo visitando. In questo sito sono state apportate alcune modifiche all&#8217;installazione di base e sono stati installati alcuni plugin, inoltre \u00e8 gi\u00e0 presente una collezione di contenuti organizzata in pagine ed articoli, secondo uno schema valido per un&#8217;ipotetica scuola. \u00c8 sufficiente scaricarlo edattivarlo sul proprio spazio Web.<\/p>\n","protected":false},"excerpt":{"rendered":"<p>Perch\u00e9 usare wordpress per il sito della scuola? WordPress \u00e8 una piattaforma per la creazione di blog, o almeno come tale \u00e8 nato nel 2003 dalla fantasia e dall&#8217;impegno di un giovanissimo imprenditore statunitense, Matt Mullenweg. Le versioni pi\u00f9 recenti hanno apportato modifiche sensibili, rendendolo praticamente un CMS (Content Manegement System) a tutti gli effetti, [&hellip;]<\/p>\n","protected":false},"author":1,"featured_media":0,"parent":97,"menu_order":4,"comment_status":"open","ping_status":"open","template":"","meta":{"footnotes":""},"_links":{"self":[{"href":"https:\/\/icripalimosani.edu.it\/site\/wp-json\/wp\/v2\/pages\/154"}],"collection":[{"href":"https:\/\/icripalimosani.edu.it\/site\/wp-json\/wp\/v2\/pages"}],"about":[{"href":"https:\/\/icripalimosani.edu.it\/site\/wp-json\/wp\/v2\/types\/page"}],"author":[{"embeddable":true,"href":"https:\/\/icripalimosani.edu.it\/site\/wp-json\/wp\/v2\/users\/1"}],"replies":[{"embeddable":true,"href":"https:\/\/icripalimosani.edu.it\/site\/wp-json\/wp\/v2\/comments?post=154"}],"version-history":[{"count":0,"href":"https:\/\/icripalimosani.edu.it\/site\/wp-json\/wp\/v2\/pages\/154\/revisions"}],"up":[{"embeddable":true,"href":"https:\/\/icripalimosani.edu.it\/site\/wp-json\/wp\/v2\/pages\/97"}],"wp:attachment":[{"href":"https:\/\/icripalimosani.edu.it\/site\/wp-json\/wp\/v2\/media?parent=154"}],"curies":[{"name":"wp","href":"https:\/\/api.w.org\/{rel}","templated":true}]}}