{"id":1549,"date":"2014-09-10T18:46:42","date_gmt":"2014-09-10T16:46:42","guid":{"rendered":"https:\/\/www.icripalimosani.edu.it\/?page_id=1549"},"modified":"2023-09-15T16:10:04","modified_gmt":"2023-09-15T16:10:04","slug":"calendario-scolastico-20142015","status":"publish","type":"page","link":"https:\/\/icripalimosani.edu.it\/site\/calendario-scolastico-20142015\/","title":{"rendered":"Calendario Scolastico 2023\/2024"},"content":{"rendered":"<p>&nbsp;<\/p>\n<p>&nbsp;<\/p>\n<p><img decoding=\"async\" loading=\"lazy\" class=\"wp-image-67022 aligncenter\" src=\"https:\/\/icripalimosani.edu.it\/site\/wp-content\/uploads\/2021\/02\/calendario-scolastico-1.jpg\" alt=\"\" width=\"324\" height=\"236\" \/><\/p>\n<p>Il calendario scolastico della Regione Molise \u00e8 determinato come segue:<\/p>\n<p>&#8211; l&#8217;inizio delle lezioni, per l&#8217;anno scolastico 2023\/2024 decorre dal giorno<strong> 14 settembre 2023\u00a0<\/strong><\/p>\n<p>&#8211; Il termine delle lezioni \u00e8 fissato per l&#8217; <strong>8 giugno 2024, <\/strong>quello delle attivit\u00e0 educative per la scuola dell&#8217;infanzia \u00e8 fissato per il giorno 29<strong> giugno 2024;<\/strong><\/p>\n<p>&#8211; I giorni delle festivit\u00e0 sono:<\/p>\n<ul>\n<li>1 novembre 2023: Tutti i Santi<\/li>\n<li>8 dicembre 2023: Immacolata Concezione<\/li>\n<li>25 dicembre 2023: Natale<\/li>\n<li>26 dicembre 2023: Santo Stefano<\/li>\n<li>1 gennaio 2024: Capodanno<\/li>\n<li>6 gennaio 2024: Epifania<\/li>\n<li>31 marzo 2024: Pasqua<\/li>\n<li>1 aprile 2024: Luned\u00ec dell&#8217;Angelo<\/li>\n<li>25 aprile 2024: Festa della Liberazione<\/li>\n<li>1 maggio 2024: Festa del Lavoro<\/li>\n<li>2 giugno 2024: Festa Nazionale della Repubblica<\/li>\n<li>festa del santo patrono<\/li>\n<\/ul>\n<p>&#8211; Non si effettueranno lezioni, oltre che nei giorni riconosciuti come festivit\u00e0 nazionali e in premessa indicati, nei seguenti giorni:<\/p>\n<ul>\n<li>2 novembre 2023: Commemorazione dei defunti<\/li>\n<li>9 dicembre 2023: interfestivo<\/li>\n<li>dal 23 dicembre 2023 al 5 gennaio 2024: Festivit\u00e0 Natalizie<\/li>\n<li>dal 12 al 14 febbraio 2024: festivit\u00e0 del Carnevale<\/li>\n<li>dal 28 marzo al 2 aprile 2024- Vacanze Pasquali<\/li>\n<li>29 e 30 aprile 2024: interfestivo<\/li>\n<\/ul>\n<p>&nbsp;<\/p>\n","protected":false},"excerpt":{"rendered":"<p>&nbsp; &nbsp; Il calendario scolastico della Regione Molise \u00e8 determinato come segue: &#8211; l&#8217;inizio delle lezioni, per l&#8217;anno scolastico 2023\/2024 decorre dal giorno 14 settembre 2023\u00a0 &#8211; Il termine delle lezioni \u00e8 fissato per l&#8217; 8 giugno 2024, quello delle attivit\u00e0 educative per la scuola dell&#8217;infanzia \u00e8 fissato per il giorno 29 giugno 2024; &#8211; [&hellip;]<\/p>\n","protected":false},"author":1,"featured_media":0,"parent":0,"menu_order":0,"comment_status":"closed","ping_status":"closed","template":"","meta":{"footnotes":""},"_links":{"self":[{"href":"https:\/\/icripalimosani.edu.it\/site\/wp-json\/wp\/v2\/pages\/1549"}],"collection":[{"href":"https:\/\/icripalimosani.edu.it\/site\/wp-json\/wp\/v2\/pages"}],"about":[{"href":"https:\/\/icripalimosani.edu.it\/site\/wp-json\/wp\/v2\/types\/page"}],"author":[{"embeddable":true,"href":"https:\/\/icripalimosani.edu.it\/site\/wp-json\/wp\/v2\/users\/1"}],"replies":[{"embeddable":true,"href":"https:\/\/icripalimosani.edu.it\/site\/wp-json\/wp\/v2\/comments?post=1549"}],"version-history":[{"count":7,"href":"https:\/\/icripalimosani.edu.it\/site\/wp-json\/wp\/v2\/pages\/1549\/revisions"}],"predecessor-version":[{"id":73198,"href":"https:\/\/icripalimosani.edu.it\/site\/wp-json\/wp\/v2\/pages\/1549\/revisions\/73198"}],"wp:attachment":[{"href":"https:\/\/icripalimosani.edu.it\/site\/wp-json\/wp\/v2\/media?parent=1549"}],"curies":[{"name":"wp","href":"https:\/\/api.w.org\/{rel}","templated":true}]}}