{"id":228,"date":"2009-10-18T15:12:44","date_gmt":"2009-10-18T15:12:44","guid":{"rendered":"http:\/\/www.scuolacooperativa.net\/wordpress\/?page_id=228"},"modified":"2021-01-04T10:47:08","modified_gmt":"2021-01-04T10:47:08","slug":"home-2","status":"publish","type":"page","link":"https:\/\/icripalimosani.edu.it\/site\/home-2\/","title":{"rendered":"Home"},"content":{"rendered":"<p>&nbsp;<\/p>\r\n<h2 style=\"text-align: center;\"><a href=\"https:\/\/www.icripalimosani.edu.it\/?page_id=64840&amp;preview=true\">CORONA VIRUS PAGINA DEDICATA E DIDATTICA A DISTANZA<\/a><\/h2>\r\n<h3 style=\"text-align: center;\">Per assistenza e informazioni CLICCARE su<\/h3>\r\n<h2 style=\"text-align: center;\"><a href=\"https:\/\/www.segreteriacloud.eu\/icripalimosani\/sportello\/form.php?id=cmxVVzFiNi9Ia0hTU0FjQXFKbHNtQT09\"> SPORTELLO TELEMATICO<\/a><\/h2>\r\n<p>Modelli FIS docenti:\u00a0 \u00a0 \u00a0 \u00a0 \u00a0\u00a0<a href=\"https:\/\/www.icripalimosani.edu.it\/wp-content\/uploads\/2020\/06\/modello_dichiarazione_FIS.doc\">modello_dichiarazione_FIS\u00a0<\/a> \u00a0 <a href=\"https:\/\/www.icripalimosani.edu.it\/wp-content\/uploads\/2020\/06\/Dichiarazione_accesso_FIS_19.20.docx\">Dichiarazione_accesso_FIS_19.20<\/a>\u00a0\u00a0<\/p>\r\n<p style=\"text-align: center;\">AVVISO AGLI ALUNNI DELLE CLASSI III DELLA SCUOLA SEC. DI I GRADO<\/p>\r\n<p>Tutta la documentazione necessaria per la conferma dell&#8217;Iscrizioni alle Scuole Secondarie di II grado \u00e8 disponibile nel registro elettronico.\u00a0<\/p>\r\n<p>&nbsp;<\/p>\r\n<p style=\"text-align: center;\"><a href=\"https:\/\/www.icripalimosani.edu.it\/wp-content\/uploads\/2020\/06\/locandina-4-giugno_page-0001-scaled.jpg\"><img decoding=\"async\" loading=\"lazy\" class=\"alignnone  wp-image-65090\" src=\"https:\/\/www.icripalimosani.edu.it\/wp-content\/uploads\/2020\/06\/locandina-4-giugno_page-0001-212x300.jpg\" alt=\"\" width=\"281\" height=\"398\" \/><\/a><\/p>\r\n<table>\r\n<tbody>\r\n<tr>\r\n<td style=\"width: 30%; border-style: none; text-align: center; vertical-align: middle;\">\r\n<figure><img decoding=\"async\" class=\"size-full wp-image-1527 aligncenter\" style=\"border: none;\" src=\"https:\/\/www.icripalimosani.edu.it\/wp-content\/uploads\/2017\/01\/icri.png\" alt=\"Uniti si cresce\" width=\"200\" \/><\/figure>\r\n<\/td>\r\n<td style=\"width: 70%; border-style: none; vertical-align: middle;\">\r\n<p style=\"text-align: justify;\"><span style=\"font-size: 10pt;\">L&#8217;Istituto Comprensivo <span style=\"font-weight: bold; color: #339966;\"><span style=\"color: #008000;\">&#8220;Dante Alighieri<\/span>&#8220;<\/span> di Ripalimosani nasce il 1\u00b0 Settembre 2014, dall&#8217;unione di 22 scuole, situate in 9 Comuni.<\/span><\/p>\r\n<p style=\"text-align: justify;\"><span style=\"font-size: 10pt;\">Questa nuova realt\u00e0 scolastica attualmente consta di 12 plessi al servizio di <a href=\"https:\/\/www.icripalimosani.edu.it\/comuni-serviti-dallistituto-comprensivo-alighieri-di-ripalimosani\/\">11 Comuni del Molise centrale<\/a>.<\/span><\/p>\r\n<p style=\"text-align: justify;\"><span style=\"font-size: 10pt;\">Nell&#8217;anno scolastico 2014\/2015 gli studenti hanno creato il <a title=\"Concorso per il nuovo logo della scuola\" href=\"https:\/\/www.icripalimosani.edu.it\/?page_id=1591\">logo<\/a> che rappresenta questo multiforme istituto che ha voglia di crescere e migliorare la qualit\u00e0 della propria offerta formativa.<\/span><\/p>\r\n<\/td>\r\n<\/tr>\r\n<\/tbody>\r\n<\/table>\r\n\r\n<table>\r\n<tbody>\r\n<tr>\r\n<td style=\"width: 70%; border-style: none; vertical-align: middle;\">\r\n<p style=\"text-align: justify;\"><span style=\"font-size: 10pt;\">La nostra scuola dal 2015 \u00e8 inserita nella rete internazionale delle <strong>Scuole Associate UNESCO<\/strong>. Per l&#8217;a.s. 2019\/2020 \u00e8 in attesa di nulla osta per l&#8217;inserimento del logo.<br \/>\u00c8 un&#8217;importante opportunit\u00e0 di scambi culturali e didattici riguardanti l\u2019educazione alla cittadinanza, il rispetto delle leggi costituzionali, la difesa del patrimonio materiale e immateriale e lo sviluppo sostenibile.<\/span><\/p>\r\n<p style=\"text-align: justify;\"><span style=\"font-size: 10pt;\">Qui i nostri <a href=\"https:\/\/www.icripalimosani.edu.it\/scuole-associate-unesco-a-s-20152016\/\">Progetti Unesco<\/a>.<\/span><\/p>\r\n<\/td>\r\n<td>\u00a0<\/td>\r\n<\/tr>\r\n<\/tbody>\r\n<\/table>\r\n\r\n\r\n\r\n<table class=\"wp-block-table\" style=\"width: 100%;\">\r\n<tbody>\r\n<tr>\r\n<td style=\"width: 14.7879%;\">\r\n<figure><a href=\"https:\/\/www.icripalimosani.edu.it\/wp-content\/uploads\/2018\/10\/etw-school_highlights1.png\"><img decoding=\"async\" loading=\"lazy\" class=\"alignleft wp-image-11093\" src=\"https:\/\/www.icripalimosani.edu.it\/wp-content\/uploads\/2018\/10\/etw-school_highlights1-150x150.png\" alt=\"eTwinning SCHOOL\" width=\"80\" height=\"87\" srcset=\"https:\/\/icripalimosani.edu.it\/site\/wp-content\/uploads\/2018\/10\/etw-school_highlights1-275x300.png 275w, https:\/\/icripalimosani.edu.it\/site\/wp-content\/uploads\/2018\/10\/etw-school_highlights1.png 349w\" sizes=\"(max-width: 80px) 100vw, 80px\" \/><\/a><\/figure>\r\n<\/td>\r\n<td style=\"width: 13.8182%;\"><a href=\"https:\/\/www.icripalimosani.edu.it\/wp-content\/uploads\/2020\/04\/awarded-etwinning-school-label-2020-21-1.png\"><img decoding=\"async\" loading=\"lazy\" class=\"size-full wp-image-64985 alignnone\" src=\"https:\/\/www.icripalimosani.edu.it\/wp-content\/uploads\/2020\/04\/awarded-etwinning-school-label-2020-21-1.png\" alt=\"\" width=\"233\" height=\"255\" \/><\/a>\r\n<p style=\"text-align: justify;\"><span style=\"font-size: 10pt;\">\u00a0<\/span><\/p>\r\n<\/td>\r\n<td style=\"width: 70.1818%;\">\r\n<p style=\"text-align: justify;\"><span style=\"font-size: 10pt;\">Il nostro Istituto ha ricevuto il titolo di <strong>\u201cScuola eTwinning\u201d<\/strong>.<br \/>Tale riconoscimento, introdotto da Bruxelles nel 2017, valorizza la partecipazione, l\u2019impegno e la dedizione dei docenti e dei dirigenti scolastici ai progetti &#8220;eTwinning\u201d e non solo.<br \/>Ci\u00f2 costituisce, di fatto, una rilevante <span style=\"color: #003300;\">certificazione<\/span> della <strong>qualit\u00e0 di insegnamento della nostra scuola<\/strong>.<br \/><\/span><\/p>\r\n<\/td>\r\n<\/tr>\r\n<\/tbody>\r\n<\/table>\r\n\r\n<table style=\"border-collapse: collapse; width: 100%; height: 123px;\">\r\n<tbody>\r\n<tr style=\"height: 123px;\">\r\n<td style=\"width: 38.8485%; height: 123px;\"><a href=\"https:\/\/www.icripalimosani.edu.it\/wp-content\/uploads\/2020\/04\/IMG-20200402-WA0007.jpg\"><img decoding=\"async\" loading=\"lazy\" class=\"alignnone size-medium wp-image-64963\" src=\"https:\/\/www.icripalimosani.edu.it\/wp-content\/uploads\/2020\/04\/IMG-20200402-WA0007-300x93.jpg\" alt=\"\" width=\"300\" height=\"93\" \/><\/a><\/td>\r\n<td style=\"width: 61.1515%; height: 123px;\">\r\n<h4 style=\"text-align: center;\"><strong>I<span style=\"font-size: 10pt;\">l nostro Istituto ha ricevuto il titolo di &#8220;Scuola dislessia amica&#8221;<\/span><\/strong><\/h4>\r\n<p style=\"text-align: center;\"><a href=\"https:\/\/www.icripalimosani.edu.it\/wp-content\/uploads\/2020\/04\/DISLESSIA-AMICA.pdf\">ATTESTATO\u00a0<\/a><\/p>\r\n<\/td>\r\n<\/tr>\r\n<\/tbody>\r\n<\/table>\r\n<h2 style=\"text-align: left;\"><span style=\"color: #008000;\">In evidenza<\/span><\/h2>\r\n<p style=\"text-align: right;\">\u00a0<\/p>\r\n<p><strong><a href=\"https:\/\/www.segreteriacloud.eu\/icripalimosani\/sportello_mad\/form_mad.php?action=show_module&amp;id=YWpiUzRGcDFlOG83aERac1R3dVYwQT09\" target=\"_blank\" rel=\"noopener noreferrer\">MODULO PRESENTAZIONE MAD<\/a><a href=\"https:\/\/www.segreteriacloud.eu\/icripalimosani\/sportello_mad\/form_mad.php?action=show_module&amp;id=YWpiUzRGcDFlOG83aERac1R3dVYwQT09\"><img decoding=\"async\" loading=\"lazy\" class=\"alignright wp-image-65208 size-full\" src=\"https:\/\/www.icripalimosani.edu.it\/wp-content\/uploads\/2020\/07\/mad_smal.png\" alt=\"\" width=\"130\" height=\"89\" \/><\/a><\/strong><\/p>\r\n<p>Si ricorda che pu\u00f2 presentare domanda esclusivamente chi non si \u00e8 incluso nelle graduatorie di Istituto ed \u00e8 in\u00a0 possesso dei prescritti titoli di accesso.\u00a0<\/p>\r\n<p>&nbsp;<\/p>\r\n<p>&nbsp;<\/p>\r\n<p>&nbsp;<\/p>\r\n<!-- \/wp:shortcode -->\r\n\r\n<!-- wp:heading {\"level\":4} -->\r\n<h4><strong>AVVISO<\/strong>: sulla colonna di sinistra, alla sezione scuola, nella pagina <strong>privacy<\/strong> sono pubblicate le informative agli interessati circa il trattamento dei dati personali ai sensi del GDPR.<\/h4>\r\n<!-- \/wp:heading -->\r\n\r\n<!-- wp:html -->\r\n<div>\r\n<figure><a href=\"https:\/\/www.icripalimosani.edu.it\/wp-content\/uploads\/2019\/05\/Banner-SCUOLE-750X90.jpg\"><img decoding=\"async\" loading=\"lazy\" class=\"aligncenter size-medium wp-image-63747\" src=\"https:\/\/www.icripalimosani.edu.it\/wp-content\/uploads\/2019\/05\/Banner-SCUOLE-750X90-300x36.jpg\" alt=\"\" width=\"300\" height=\"36\" \/><\/a><\/figure>\r\n<h4>\u00a0<\/h4>\r\n<\/div>\r\n<!-- \/wp:html -->\r\n\r\n<!-- wp:heading {\"level\":4} -->\r\n<p>&nbsp;<\/p>\r\n<!-- \/wp:heading -->","protected":false},"excerpt":{"rendered":"<p>&nbsp; CORONA VIRUS PAGINA DEDICATA E DIDATTICA A DISTANZA Per assistenza e informazioni CLICCARE su SPORTELLO TELEMATICO Modelli FIS docenti:\u00a0 \u00a0 \u00a0 \u00a0 \u00a0\u00a0modello_dichiarazione_FIS\u00a0 \u00a0 Dichiarazione_accesso_FIS_19.20\u00a0\u00a0 AVVISO AGLI ALUNNI DELLE CLASSI III DELLA SCUOLA SEC. DI I GRADO Tutta la documentazione necessaria per la conferma dell&#8217;Iscrizioni alle Scuole Secondarie di II grado \u00e8 disponibile nel [&hellip;]<\/p>\n","protected":false},"author":1,"featured_media":0,"parent":0,"menu_order":0,"comment_status":"closed","ping_status":"closed","template":"","meta":{"footnotes":""},"_links":{"self":[{"href":"https:\/\/icripalimosani.edu.it\/site\/wp-json\/wp\/v2\/pages\/228"}],"collection":[{"href":"https:\/\/icripalimosani.edu.it\/site\/wp-json\/wp\/v2\/pages"}],"about":[{"href":"https:\/\/icripalimosani.edu.it\/site\/wp-json\/wp\/v2\/types\/page"}],"author":[{"embeddable":true,"href":"https:\/\/icripalimosani.edu.it\/site\/wp-json\/wp\/v2\/users\/1"}],"replies":[{"embeddable":true,"href":"https:\/\/icripalimosani.edu.it\/site\/wp-json\/wp\/v2\/comments?post=228"}],"version-history":[{"count":3,"href":"https:\/\/icripalimosani.edu.it\/site\/wp-json\/wp\/v2\/pages\/228\/revisions"}],"predecessor-version":[{"id":66843,"href":"https:\/\/icripalimosani.edu.it\/site\/wp-json\/wp\/v2\/pages\/228\/revisions\/66843"}],"wp:attachment":[{"href":"https:\/\/icripalimosani.edu.it\/site\/wp-json\/wp\/v2\/media?parent=228"}],"curies":[{"name":"wp","href":"https:\/\/api.w.org\/{rel}","templated":true}]}}