{"id":2340,"date":"2015-04-09T07:24:48","date_gmt":"2015-04-09T05:24:48","guid":{"rendered":"https:\/\/www.icripalimosani.edu.it\/?page_id=2340"},"modified":"2023-02-28T08:28:10","modified_gmt":"2023-02-28T08:28:10","slug":"orientamento","status":"publish","type":"page","link":"https:\/\/icripalimosani.edu.it\/site\/orientamento\/","title":{"rendered":"Orientamento"},"content":{"rendered":"\t\t<div data-elementor-type=\"wp-page\" data-elementor-id=\"2340\" class=\"elementor elementor-2340\" data-elementor-post-type=\"page\">\n\t\t\t\t\t\t\t\t\t<section class=\"elementor-section elementor-top-section elementor-element elementor-element-350a4a7 elementor-section-boxed elementor-section-height-default elementor-section-height-default\" data-id=\"350a4a7\" data-element_type=\"section\">\n\t\t\t\t\t\t<div class=\"elementor-container elementor-column-gap-default\">\n\t\t\t\t\t<div class=\"elementor-column elementor-col-100 elementor-top-column elementor-element elementor-element-54a021c7\" data-id=\"54a021c7\" data-element_type=\"column\">\n\t\t\t<div class=\"elementor-widget-wrap elementor-element-populated\">\n\t\t\t\t\t\t\t\t<div class=\"elementor-element elementor-element-7894182 elementor-widget elementor-widget-text-editor\" data-id=\"7894182\" data-element_type=\"widget\" data-widget_type=\"text-editor.default\">\n\t\t\t\t<div class=\"elementor-widget-container\">\n\t\t\t\t\t\t\t<a href=\"https:\/\/icripalimosani.edu.it\/site\/wp-content\/uploads\/2023\/02\/PROGETTO_CONTINUTa_E_ORIENTAMENTO_D_ISTITUTO_2022_23.pdf\" target=\"_blank\" rel=\"noopener\">PROGETTO_CONTINUTa_E_ORIENTAMENTO_D_ISTITUTO_2022_23<\/a>\n\n<a href=\"https:\/\/icripalimosani.edu.it\/site\/wp-content\/uploads\/2023\/02\/Piano_annuale_degli_incontri_tra_docenti_per_la_continuita_e_l_orientamento_in_ingresso_Anno_scolastico_2022_23.pdf\" target=\"_blank\" rel=\"noopener\">Piano_annuale_degli_incontri_tra_docenti_per_la_continuita_e_l_orientamento_in_ingresso_Anno_scolastico_2022_23<\/a>\n\n<a href=\"https:\/\/icripalimosani.edu.it\/site\/wp-content\/uploads\/2023\/02\/Piano_aggiornato_incontri_per_l_orientamento_classi_terze.pdf\" target=\"_blank\" rel=\"noopener\">Piano_aggiornato_incontri_per_l_orientamento_classi_terze<\/a>\t\t\t\t\t\t<\/div>\n\t\t\t\t<\/div>\n\t\t\t\t<div class=\"elementor-element elementor-element-608a8af6 elementor-widget elementor-widget-text-editor\" data-id=\"608a8af6\" data-element_type=\"widget\" data-widget_type=\"text-editor.default\">\n\t\t\t\t<div class=\"elementor-widget-container\">\n\t\t\t\t\t\t\t<a href=\"https:\/\/www.icripalimosani.edu.it\/oldsite\/wp-content\/uploads\/2015\/04\/index.jpeg\"><img decoding=\"async\" loading=\"lazy\" class=\" wp-image-2380 aligncenter\" src=\"https:\/\/www.icripalimosani.edu.it\/oldsite\/wp-content\/uploads\/2015\/04\/index.jpeg\" alt=\"index\" width=\"183\" height=\"183\" \/><\/a>\r\n\r\n<span style=\"font-size: 14pt;\">Le nostre attivit\u00e0<\/span>\r\n\r\n<a href=\"https:\/\/www.icripalimosani.edu.it\/oldsite\/wp-content\/uploads\/2019\/12\/BROCHURE-MEDIE.pdf\">BROCHURE Scuola Secondaria di I grado<\/a>\r\n\r\n<a href=\"https:\/\/www.icripalimosani.edu.it\/oldsite\/wp-content\/uploads\/2019\/11\/Progetto_Continuita_orientamento_2019_20.pdf\">Progetto_Continuita_orientamento_2019_20<\/a>\r\n\r\n<a href=\"https:\/\/www.icripalimosani.edu.it\/oldsite\/wp-content\/uploads\/2019\/11\/Piano_annuale_Incontri_Docenti_Continuita_verticale_2019_20.pdf\">Piano_annuale_Incontri_Docenti_Continuita_verticale_2019_20<\/a>\r\n\r\n<a href=\"https:\/\/www.icripalimosani.edu.it\/oldsite\/wp-content\/uploads\/2019\/11\/TABELLA_INCONTRI.pdf\">ORIENTAMENTO incontri<\/a>\r\n\r\n<a href=\"https:\/\/www.icripalimosani.edu.it\/oldsite\/wp-content\/uploads\/2019\/11\/lettera_continuita-1.pdf\">Attivita&#8217; progetto &#8220;Continuit\u00e0 e Orientamento&#8221; d&#8217;Istituto<\/a>\r\n\r\n<strong><a href=\"https:\/\/www.icripalimosani.edu.it\/oldsite\/wp-content\/uploads\/2018\/10\/Piano_incontri_docenti__Continuita_verticale.pdf\">Piano_incontri_docenti__Continuit\u00e0_verticale\u00a0a.s.\u00a02018\/19<\/a><\/strong>\r\n\r\n&nbsp;\r\n\r\n&nbsp;\r\n<p style=\"text-align: justify;\">Tutti i plessi dell&#8217;Istituto Comprensivo &#8220;D. Alighieri&#8221; sono impegnati nella realizzazione delle attivit\u00e0 didattico-formative di continuit\u00e0 e orientamento, azioni educative di raccordo tra scuola dell\u2019infanzia, scuola primaria e secondaria di primo grado, predisposte in continuit\u00e0 verticale tra i diversi ordini di scuola.<\/p>\r\n<p style=\"text-align: justify;\"><strong>Orientamento in entrata<\/strong><\/p>\r\n<p align=\"justify\">Per l\u2019orientamento in entrata sono attivati il progetto \u201cAccoglienza\u201d e il progetto \u201cFacciamo conoscere il nostro Istituto Comprensivo\u201d. Si prevede l&#8217;organizzazione di un <b>open day<\/b>, con materiale informativo e laboratori per orientare le famiglie.<\/p>\r\n<p align=\"justify\"><strong>Orientamento in uscita<\/strong><\/p>\r\n<p align=\"justify\">La nostra scuola nei mesi di novembre-dicembre- gennaio organizza incontri di orientamento in uscita con le scuole secondarie di II grado del territorio. E&#8217; predisposta una commissione referente dell\u2019orientamento che si occupa dell&#8217;organizzazione delle varie attivit\u00e0 ed uscite.<\/p>\r\n<p align=\"justify\"><strong>Orientamento permanente<\/strong><\/p>\r\n<p align=\"justify\">La scuola tende a realizzare il <b>Lifelong learning<\/b>, seguendo le Linee Guida per l\u2019Orientamento Permanente. Le linee guida sono state redatte in riferimento agli obiettivi di Lisbona e di Europa 2020 che evidenziano come l\u2019orientamento costituisca un diritto permanente di ogni persona al fine di garantire l\u2019accesso all\u2019apprendimento permanente, maggiore mobilit\u00e0 per i giovani, maggiore qualit\u00e0 dei corsi e acquisizione di competenze necessarie per lavori specifici, maggiore inclusione e la mentalit\u00e0 creativa, innovativa e imprenditoriale.<\/p>\r\n\r\n<pre><span style=\"font-family: arial, helvetica, sans-serif; color: #000000;\"> \t\t\t\t\t\t<\/div>\n\t\t\t\t<\/div>\n\t\t\t\t\t<\/div>\n\t\t<\/div>\n\t\t\t\t\t\t\t<\/div>\n\t\t<\/section>\n\t\t\t\t\t\t\t<\/div>\n\t\t","protected":false},"excerpt":{"rendered":"<p>PROGETTO_CONTINUTa_E_ORIENTAMENTO_D_ISTITUTO_2022_23 Piano_annuale_degli_incontri_tra_docenti_per_la_continuita_e_l_orientamento_in_ingresso_Anno_scolastico_2022_23 Piano_aggiornato_incontri_per_l_orientamento_classi_terze Le nostre attivit\u00e0 BROCHURE Scuola Secondaria di I grado Progetto_Continuita_orientamento_2019_20 Piano_annuale_Incontri_Docenti_Continuita_verticale_2019_20 ORIENTAMENTO incontri Attivita&#8217; progetto &#8220;Continuit\u00e0 e Orientamento&#8221; d&#8217;Istituto Piano_incontri_docenti__Continuit\u00e0_verticale\u00a0a.s.\u00a02018\/19 &nbsp; &nbsp; Tutti i plessi dell&#8217;Istituto Comprensivo &#8220;D. Alighieri&#8221; sono impegnati nella realizzazione delle attivit\u00e0 didattico-formative di continuit\u00e0 e orientamento, azioni educative di raccordo tra scuola dell\u2019infanzia, scuola primaria e secondaria di [&hellip;]<\/p>\n","protected":false},"author":1,"featured_media":0,"parent":0,"menu_order":0,"comment_status":"closed","ping_status":"closed","template":"","meta":{"footnotes":""},"_links":{"self":[{"href":"https:\/\/icripalimosani.edu.it\/site\/wp-json\/wp\/v2\/pages\/2340"}],"collection":[{"href":"https:\/\/icripalimosani.edu.it\/site\/wp-json\/wp\/v2\/pages"}],"about":[{"href":"https:\/\/icripalimosani.edu.it\/site\/wp-json\/wp\/v2\/types\/page"}],"author":[{"embeddable":true,"href":"https:\/\/icripalimosani.edu.it\/site\/wp-json\/wp\/v2\/users\/1"}],"replies":[{"embeddable":true,"href":"https:\/\/icripalimosani.edu.it\/site\/wp-json\/wp\/v2\/comments?post=2340"}],"version-history":[{"count":6,"href":"https:\/\/icripalimosani.edu.it\/site\/wp-json\/wp\/v2\/pages\/2340\/revisions"}],"predecessor-version":[{"id":72309,"href":"https:\/\/icripalimosani.edu.it\/site\/wp-json\/wp\/v2\/pages\/2340\/revisions\/72309"}],"wp:attachment":[{"href":"https:\/\/icripalimosani.edu.it\/site\/wp-json\/wp\/v2\/media?parent=2340"}],"curies":[{"name":"wp","href":"https:\/\/api.w.org\/{rel}","templated":true}]}}