{"id":65233,"date":"2009-04-22T22:37:32","date_gmt":"2009-04-22T20:37:32","guid":{"rendered":"http:\/\/www.scuolacooperativa.net\/wordpress\/?page_id=69"},"modified":"2020-08-19T08:06:56","modified_gmt":"2020-08-19T08:06:56","slug":"iscrizioni","status":"publish","type":"page","link":"https:\/\/icripalimosani.edu.it\/site\/segreteria\/iscrizioni\/","title":{"rendered":"Iscrizioni"},"content":{"rendered":"\t\t<div data-elementor-type=\"wp-page\" data-elementor-id=\"65233\" class=\"elementor elementor-65233\" data-elementor-post-type=\"page\">\n\t\t\t\t\t\t\t\t\t<section class=\"elementor-section elementor-top-section elementor-element elementor-element-10104fd7 elementor-section-boxed elementor-section-height-default elementor-section-height-default\" data-id=\"10104fd7\" data-element_type=\"section\">\n\t\t\t\t\t\t<div class=\"elementor-container elementor-column-gap-default\">\n\t\t\t\t\t<div class=\"elementor-column elementor-col-100 elementor-top-column elementor-element elementor-element-5f6876cb\" data-id=\"5f6876cb\" data-element_type=\"column\">\n\t\t\t<div class=\"elementor-widget-wrap elementor-element-populated\">\n\t\t\t\t\t\t\t\t<div class=\"elementor-element elementor-element-789b1bfb elementor-widget elementor-widget-text-editor\" data-id=\"789b1bfb\" data-element_type=\"widget\" data-widget_type=\"text-editor.default\">\n\t\t\t\t<div class=\"elementor-widget-container\">\n\t\t\t\t\t\t\t<p>Anche quest&#8217;anno le iscrizioni al primo anno della scuola primaria e secondaria di I e II grado si effettueranno on line, sul sito del Miur:<a href=\"http:\/\/www.iscrizioni.istruzione.it\/\">http:\/\/www.iscrizioni.istruzione.it\/<\/a>\u00a0 dal 07 al 31 gennaio 2020 &lt;\/br&gt;<\/p><p>Per la scuola dell&#8217;infanzia le iscrizioni restano in modalit\u00e0 cartacea.<\/p><p>Gli uffici di segreteria sono aperti, per qualsiasi informazione e assistenza nella compilazione della domanda, dal luned\u00ec al sabato dalle ore 8:00 alle ore 13:50 e nei giorni marted\u00ec e gioved\u00ec dalle ore 14:30 alle ore 16:45.<\/p><p><a href=\"http:\/\/www.segreteriacloud.eu\/icripalimosani\/driver\/downloadGoogleDrive.php?id=1AhzIdWV_LyYwbXFrVlsqiGp3SLM68TWo&amp;file=VADEMECUM_ISCRIZIONI.pdf\">VADEMECUM_ISCRIZIONI<\/a><\/p><p><u style=\"font-weight: bold;\"><a href=\"http:\/\/www.segreteriacloud.eu\/icripalimosani\/driver\/downloadGoogleDrive.php?id=1NuigzM07Po5PJuqlEnDzeAbyijDOEQa9&amp;file=PATTO_EDUCATIVO_RIPALIMOSANI.pdf\">PATTO EDUCATIVO DI CORRESPONSABILITA\u2019\u00a0<\/a><\/u><b>\u00a0 \u00a0<\/b><\/p><p><a href=\"http:\/\/www.segreteriacloud.eu\/icripalimosani\/driver\/downloadGoogleDrive.php?id=1m49y-CYTuwDoUak7uBuPKazhejM_57-C&amp;file=Circolare_n._22994_del_13_novembre_2019.pdf\">Circolare_n._22994_del_13_novembre_2019.pdf<\/a><\/p>\t\t\t\t\t\t<\/div>\n\t\t\t\t<\/div>\n\t\t\t\t\t<\/div>\n\t\t<\/div>\n\t\t\t\t\t\t\t<\/div>\n\t\t<\/section>\n\t\t\t\t\t\t\t<\/div>\n\t\t","protected":false},"excerpt":{"rendered":"<p>Anche quest&#8217;anno le iscrizioni al primo anno della scuola primaria e secondaria di I e II grado si effettueranno on line, sul sito del Miur:http:\/\/www.iscrizioni.istruzione.it\/\u00a0 dal 07 al 31 gennaio 2020 &lt;\/br&gt; Per la scuola dell&#8217;infanzia le iscrizioni restano in modalit\u00e0 cartacea. Gli uffici di segreteria sono aperti, per qualsiasi informazione e assistenza nella compilazione [&hellip;]<\/p>\n","protected":false},"author":1,"featured_media":0,"parent":57,"menu_order":2,"comment_status":"open","ping_status":"open","template":"","meta":{"footnotes":""},"_links":{"self":[{"href":"https:\/\/icripalimosani.edu.it\/site\/wp-json\/wp\/v2\/pages\/65233"}],"collection":[{"href":"https:\/\/icripalimosani.edu.it\/site\/wp-json\/wp\/v2\/pages"}],"about":[{"href":"https:\/\/icripalimosani.edu.it\/site\/wp-json\/wp\/v2\/types\/page"}],"author":[{"embeddable":true,"href":"https:\/\/icripalimosani.edu.it\/site\/wp-json\/wp\/v2\/users\/1"}],"replies":[{"embeddable":true,"href":"https:\/\/icripalimosani.edu.it\/site\/wp-json\/wp\/v2\/comments?post=65233"}],"version-history":[{"count":2,"href":"https:\/\/icripalimosani.edu.it\/site\/wp-json\/wp\/v2\/pages\/65233\/revisions"}],"predecessor-version":[{"id":65429,"href":"https:\/\/icripalimosani.edu.it\/site\/wp-json\/wp\/v2\/pages\/65233\/revisions\/65429"}],"up":[{"embeddable":true,"href":"https:\/\/icripalimosani.edu.it\/site\/wp-json\/wp\/v2\/pages\/57"}],"wp:attachment":[{"href":"https:\/\/icripalimosani.edu.it\/site\/wp-json\/wp\/v2\/media?parent=65233"}],"curies":[{"name":"wp","href":"https:\/\/api.w.org\/{rel}","templated":true}]}}