{"id":65779,"date":"2020-09-02T09:32:23","date_gmt":"2020-09-02T09:32:23","guid":{"rendered":"https:\/\/icripalimosani.edu.it\/site\/?page_id=65779"},"modified":"2020-09-02T09:32:23","modified_gmt":"2020-09-02T09:32:23","slug":"corso-di-formazione-presso-il-terzo-circolo-didattico-di-termoli-il-16-10-2018","status":"publish","type":"page","link":"https:\/\/icripalimosani.edu.it\/site\/corso-di-formazione-presso-il-terzo-circolo-didattico-di-termoli-il-16-10-2018\/","title":{"rendered":"Corso di formazione presso il Terzo circolo Didattico di Termoli il 16\/10\/2018"},"content":{"rendered":"<p><strong>Corso di formazione presso il Terzo circolo Didattico di Termoli il 16\/10\/2018<\/strong><\/p>\n<p><a href=\"https:\/\/www.icripalimosani.edu.it\/wp-content\/uploads\/2018\/11\/IMG-20181019-WA0004.jpg\"><img decoding=\"async\" loading=\"lazy\" class=\" wp-image-11145 alignleft\" src=\"https:\/\/www.icripalimosani.edu.it\/wp-content\/uploads\/2018\/11\/IMG-20181019-WA0004-225x300.jpg\" alt=\"\" width=\"218\" height=\"291\" srcset=\"https:\/\/icripalimosani.edu.it\/site\/wp-content\/uploads\/2018\/11\/IMG-20181019-WA0004-225x300.jpg 225w, https:\/\/icripalimosani.edu.it\/site\/wp-content\/uploads\/2018\/11\/IMG-20181019-WA0004.jpg 768w\" sizes=\"(max-width: 218px) 100vw, 218px\" \/><\/a><a href=\"https:\/\/www.icripalimosani.edu.it\/wp-content\/uploads\/2018\/11\/IMG-20181019-WA00051.jpg\"><img decoding=\"async\" loading=\"lazy\" class=\"wp-image-11146 alignright\" src=\"https:\/\/www.icripalimosani.edu.it\/wp-content\/uploads\/2018\/11\/IMG-20181019-WA00051-225x300.jpg\" alt=\"\" width=\"240\" height=\"320\" srcset=\"https:\/\/icripalimosani.edu.it\/site\/wp-content\/uploads\/2018\/11\/IMG-20181019-WA00051-225x300.jpg 225w, https:\/\/icripalimosani.edu.it\/site\/wp-content\/uploads\/2018\/11\/IMG-20181019-WA00051.jpg 768w\" sizes=\"(max-width: 240px) 100vw, 240px\" \/><\/a><\/p>\n<p><a href=\"https:\/\/www.icripalimosani.edu.it\/wp-content\/uploads\/2018\/11\/IMG-20181019-WA0006.jpg\"><img decoding=\"async\" loading=\"lazy\" class=\"aligncenter size-medium wp-image-11144\" src=\"https:\/\/www.icripalimosani.edu.it\/wp-content\/uploads\/2018\/11\/IMG-20181019-WA0006-300x225.jpg\" alt=\"\" width=\"300\" height=\"225\" srcset=\"https:\/\/icripalimosani.edu.it\/site\/wp-content\/uploads\/2018\/11\/IMG-20181019-WA0006-300x225.jpg 300w, https:\/\/icripalimosani.edu.it\/site\/wp-content\/uploads\/2018\/11\/IMG-20181019-WA0006-1024x768.jpg 1024w, https:\/\/icripalimosani.edu.it\/site\/wp-content\/uploads\/2018\/11\/IMG-20181019-WA0006-768x576.jpg 768w, https:\/\/icripalimosani.edu.it\/site\/wp-content\/uploads\/2018\/11\/IMG-20181019-WA0006-1536x1152.jpg 1536w, https:\/\/icripalimosani.edu.it\/site\/wp-content\/uploads\/2018\/11\/IMG-20181019-WA0006.jpg 1600w\" sizes=\"(max-width: 300px) 100vw, 300px\" \/><\/a><\/p>\n<p><strong>Certificati di qualit\u00e0 Europei<\/strong><\/p>\n<p><a href=\"https:\/\/www.icripalimosani.edu.it\/wp-content\/uploads\/2018\/10\/IMG_20181022_225808.jpg\"><img decoding=\"async\" loading=\"lazy\" class=\"aligncenter size-medium wp-image-11023\" src=\"https:\/\/www.icripalimosani.edu.it\/wp-content\/uploads\/2018\/10\/IMG_20181022_225808-300x221.jpg\" alt=\"\" width=\"300\" height=\"221\" srcset=\"https:\/\/icripalimosani.edu.it\/site\/wp-content\/uploads\/2018\/10\/IMG_20181022_225808-300x221.jpg 300w, https:\/\/icripalimosani.edu.it\/site\/wp-content\/uploads\/2018\/10\/IMG_20181022_225808-768x566.jpg 768w, https:\/\/icripalimosani.edu.it\/site\/wp-content\/uploads\/2018\/10\/IMG_20181022_225808.jpg 971w\" sizes=\"(max-width: 300px) 100vw, 300px\" \/><\/a><\/p>\n<p><a href=\"https:\/\/www.icripalimosani.edu.it\/wp-content\/uploads\/2018\/10\/IMG_20181022_225844.jpg\"><img decoding=\"async\" loading=\"lazy\" class=\"aligncenter size-medium wp-image-11024\" src=\"https:\/\/www.icripalimosani.edu.it\/wp-content\/uploads\/2018\/10\/IMG_20181022_225844-300x223.jpg\" alt=\"\" width=\"300\" height=\"223\" srcset=\"https:\/\/icripalimosani.edu.it\/site\/wp-content\/uploads\/2018\/10\/IMG_20181022_225844-300x223.jpg 300w, https:\/\/icripalimosani.edu.it\/site\/wp-content\/uploads\/2018\/10\/IMG_20181022_225844-768x570.jpg 768w, https:\/\/icripalimosani.edu.it\/site\/wp-content\/uploads\/2018\/10\/IMG_20181022_225844.jpg 972w\" sizes=\"(max-width: 300px) 100vw, 300px\" \/><\/a><\/p>\n<p><a href=\"https:\/\/www.icripalimosani.edu.it\/wp-content\/uploads\/2018\/10\/etw_europeanqualitylabel_128172_it.pdf\">etw_europeanqualitylabel_128172_it<\/a><\/p>\n<p><a href=\"https:\/\/www.icripalimosani.edu.it\/wp-content\/uploads\/2018\/10\/etw_europeanqualitylabel_129663_it.pdf\">etw_europeanqualitylabel_129663_it<\/a><\/p>\n<p><strong>Certificazioni di qualit\u00e0 Italia<br \/>\n<\/strong><\/p>\n<p><strong>Scuola dell&#8217;Infanzia<\/strong><\/p>\n<p><a href=\"https:\/\/www.icripalimosani.edu.it\/wp-content\/uploads\/2018\/10\/Certificato-di-Qualit%C3%A0-06-09-2018.pdf\">Certificato di Qualit\u00e0 06 09 2018<\/a><\/p>\n<p><a href=\"https:\/\/www.icripalimosani.edu.it\/wp-content\/uploads\/2018\/10\/Valutazione-progetto-Etwinning-2017-18.docx\">Valutazione progetto Etwinning 2017 18<\/a><\/p>\n<p><strong>Scuola Primaria<\/strong><\/p>\n<p><a href=\"https:\/\/www.icripalimosani.edu.it\/wp-content\/uploads\/2018\/10\/etw_qualitylabel_MY-WORLD-MARINELLI-1.pdf\">etw_qualitylabel_MY WORLD<\/a><\/p>\n<p><a href=\"https:\/\/www.icripalimosani.edu.it\/wp-content\/uploads\/2018\/10\/etw_qualitylabel-HAPPY-DAYS-MARINELLI-1.pdf\">etw_qualitylabel HAPPY DAYS<\/a><\/p>\n<p><a href=\"https:\/\/www.icripalimosani.edu.it\/wp-content\/uploads\/2018\/10\/VALUTAZIONE-ETWINNING-1.docx\">VALUTAZIONE ETWINNING<\/a><\/p>\n<p><strong>Scuola Secondaria di I grado<\/strong><\/p>\n<p><a href=\"https:\/\/www.icripalimosani.edu.it\/wp-content\/uploads\/2018\/10\/Etwinning-secondaria.docx\">Etwinning &#8211; Secondaria<\/a><\/p>\n","protected":false},"excerpt":{"rendered":"<p>Corso di formazione presso il Terzo circolo Didattico di Termoli il 16\/10\/2018 Certificati di qualit\u00e0 Europei etw_europeanqualitylabel_128172_it etw_europeanqualitylabel_129663_it Certificazioni di qualit\u00e0 Italia Scuola dell&#8217;Infanzia Certificato di Qualit\u00e0 06 09 2018 Valutazione progetto Etwinning 2017 18 Scuola Primaria etw_qualitylabel_MY WORLD etw_qualitylabel HAPPY DAYS VALUTAZIONE ETWINNING Scuola Secondaria di I grado Etwinning &#8211; Secondaria<\/p>\n","protected":false},"author":1,"featured_media":0,"parent":0,"menu_order":0,"comment_status":"closed","ping_status":"closed","template":"","meta":{"footnotes":""},"_links":{"self":[{"href":"https:\/\/icripalimosani.edu.it\/site\/wp-json\/wp\/v2\/pages\/65779"}],"collection":[{"href":"https:\/\/icripalimosani.edu.it\/site\/wp-json\/wp\/v2\/pages"}],"about":[{"href":"https:\/\/icripalimosani.edu.it\/site\/wp-json\/wp\/v2\/types\/page"}],"author":[{"embeddable":true,"href":"https:\/\/icripalimosani.edu.it\/site\/wp-json\/wp\/v2\/users\/1"}],"replies":[{"embeddable":true,"href":"https:\/\/icripalimosani.edu.it\/site\/wp-json\/wp\/v2\/comments?post=65779"}],"version-history":[{"count":1,"href":"https:\/\/icripalimosani.edu.it\/site\/wp-json\/wp\/v2\/pages\/65779\/revisions"}],"predecessor-version":[{"id":65781,"href":"https:\/\/icripalimosani.edu.it\/site\/wp-json\/wp\/v2\/pages\/65779\/revisions\/65781"}],"wp:attachment":[{"href":"https:\/\/icripalimosani.edu.it\/site\/wp-json\/wp\/v2\/media?parent=65779"}],"curies":[{"name":"wp","href":"https:\/\/api.w.org\/{rel}","templated":true}]}}