{"id":67029,"date":"2021-02-18T08:10:53","date_gmt":"2021-02-18T08:10:53","guid":{"rendered":"https:\/\/icripalimosani.edu.it\/site\/?page_id=67029"},"modified":"2021-02-18T08:16:47","modified_gmt":"2021-02-18T08:16:47","slug":"contatti-campolieto","status":"publish","type":"page","link":"https:\/\/icripalimosani.edu.it\/site\/contatti-campolieto\/","title":{"rendered":"Contatti &#8211; CAMPOLIETO"},"content":{"rendered":"\t\t<div data-elementor-type=\"wp-page\" data-elementor-id=\"67029\" class=\"elementor elementor-67029\" data-elementor-post-type=\"page\">\n\t\t\t\t\t\t\t\t\t<section class=\"elementor-section elementor-top-section elementor-element elementor-element-0223dc2 elementor-section-boxed elementor-section-height-default elementor-section-height-default\" data-id=\"0223dc2\" data-element_type=\"section\">\n\t\t\t\t\t\t<div class=\"elementor-container elementor-column-gap-default\">\n\t\t\t\t\t<div class=\"elementor-column elementor-col-50 elementor-top-column elementor-element elementor-element-06ef270\" data-id=\"06ef270\" data-element_type=\"column\">\n\t\t\t<div class=\"elementor-widget-wrap elementor-element-populated\">\n\t\t\t\t\t\t\t\t<div class=\"elementor-element elementor-element-6cc23f4 eael-infobox-content-align-center eael-infobox-icon-bg-shape-none eael-infobox-icon-hover-bg-shape-none elementor-widget elementor-widget-eael-info-box\" data-id=\"6cc23f4\" data-element_type=\"widget\" data-widget_type=\"eael-info-box.default\">\n\t\t\t\t<div class=\"elementor-widget-container\">\n\t\t\t        <div class=\"eael-infobox\">\n\t            <div class=\"infobox-icon eael-icon-only\">\n\n            \n                            <div class=\"infobox-icon-wrap\">\n                    <i aria-hidden=\"true\" class=\"fas fa-info-circle\"><\/i>                <\/div>\n            \n            \n        <\/div>\n            <div class=\"infobox-content eael-icon-only\">\n                            <h4 class=\"title\">Scuola dell'Infanzia<\/h4>\n                                                                        <p><p><strong>8:30 \u2013 16:30 <\/strong>(luned\u00ec \u2013 venerd\u00ec)<\/p><p>Via Galdina, 13<\/p><p>0874\/52766<\/p><\/p>\n                                                                            <\/div>\n            <\/div>\n\n\t\t\t\t<\/div>\n\t\t\t\t<\/div>\n\t\t\t\t\t<\/div>\n\t\t<\/div>\n\t\t\t\t<div class=\"elementor-column elementor-col-50 elementor-top-column elementor-element elementor-element-09e393b\" data-id=\"09e393b\" data-element_type=\"column\">\n\t\t\t<div class=\"elementor-widget-wrap elementor-element-populated\">\n\t\t\t\t\t\t\t\t<div class=\"elementor-element elementor-element-fd97f6c eael-infobox-content-align-center eael-infobox-icon-bg-shape-none eael-infobox-icon-hover-bg-shape-none elementor-widget elementor-widget-eael-info-box\" data-id=\"fd97f6c\" data-element_type=\"widget\" data-widget_type=\"eael-info-box.default\">\n\t\t\t\t<div class=\"elementor-widget-container\">\n\t\t\t        <div class=\"eael-infobox\">\n\t            <div class=\"infobox-icon eael-icon-only\">\n\n            \n                            <div class=\"infobox-icon-wrap\">\n                    <i aria-hidden=\"true\" class=\"fas fa-info-circle\"><\/i>                <\/div>\n            \n            \n        <\/div>\n            <div class=\"infobox-content eael-icon-only\">\n                            <h4 class=\"title\">Scuola Primaria<\/h4>\n                                                                        <p><p style=\"text-align: center;\"><strong>8:30 \u2013 13:30\u00a0 <\/strong>(luned\u00ec, mercoled\u00ec e venerd\u00ec)<\/p><p style=\"text-align: center;\"><strong>8:30 \u2013 16:30\u00a0 <\/strong>(marted\u00ec e gioved\u00ec)<\/p><p style=\"text-align: center;\">Via Galdina, 13<\/p><p style=\"text-align: center;\">0874\/52766<\/p><\/p>\n                                                                            <\/div>\n            <\/div>\n\n\t\t\t\t<\/div>\n\t\t\t\t<\/div>\n\t\t\t\t\t<\/div>\n\t\t<\/div>\n\t\t\t\t\t\t\t<\/div>\n\t\t<\/section>\n\t\t\t\t\t\t\t<\/div>\n\t\t","protected":false},"excerpt":{"rendered":"<p>Scuola dell&#8217;Infanzia 8:30 \u2013 16:30 (luned\u00ec \u2013 venerd\u00ec) Via Galdina, 13 0874\/52766 Scuola Primaria 8:30 \u2013 13:30\u00a0 (luned\u00ec, mercoled\u00ec e venerd\u00ec) 8:30 \u2013 16:30\u00a0 (marted\u00ec e gioved\u00ec) Via Galdina, 13 0874\/52766<\/p>\n","protected":false},"author":1,"featured_media":0,"parent":0,"menu_order":0,"comment_status":"closed","ping_status":"closed","template":"","meta":{"footnotes":""},"_links":{"self":[{"href":"https:\/\/icripalimosani.edu.it\/site\/wp-json\/wp\/v2\/pages\/67029"}],"collection":[{"href":"https:\/\/icripalimosani.edu.it\/site\/wp-json\/wp\/v2\/pages"}],"about":[{"href":"https:\/\/icripalimosani.edu.it\/site\/wp-json\/wp\/v2\/types\/page"}],"author":[{"embeddable":true,"href":"https:\/\/icripalimosani.edu.it\/site\/wp-json\/wp\/v2\/users\/1"}],"replies":[{"embeddable":true,"href":"https:\/\/icripalimosani.edu.it\/site\/wp-json\/wp\/v2\/comments?post=67029"}],"version-history":[{"count":3,"href":"https:\/\/icripalimosani.edu.it\/site\/wp-json\/wp\/v2\/pages\/67029\/revisions"}],"predecessor-version":[{"id":67042,"href":"https:\/\/icripalimosani.edu.it\/site\/wp-json\/wp\/v2\/pages\/67029\/revisions\/67042"}],"wp:attachment":[{"href":"https:\/\/icripalimosani.edu.it\/site\/wp-json\/wp\/v2\/media?parent=67029"}],"curies":[{"name":"wp","href":"https:\/\/api.w.org\/{rel}","templated":true}]}}