{"id":97,"date":"2009-05-04T14:31:45","date_gmt":"2009-05-04T12:31:45","guid":{"rendered":"http:\/\/www.scuolacooperativa.net\/wordpress\/?page_id=97"},"modified":"2009-05-04T14:31:45","modified_gmt":"2009-05-04T12:31:45","slug":"tutorial","status":"publish","type":"page","link":"https:\/\/icripalimosani.edu.it\/site\/tutorial\/","title":{"rendered":"Tutorial"},"content":{"rendered":"<p><a href=\"http:\/\/www.icripalimosani.edu.it\/wp-content\/uploads\/2009\/11\/log-wordpress-colrato3.jpg\"><img decoding=\"async\" loading=\"lazy\" class=\"aligncenter size-medium wp-image-923\" title=\"logo-wordpress-colorato\" src=\"http:\/\/www.scuolacooperativa.net\/wordpress\/wp-content\/uploads\/2009\/05\/log-wordpress-colrato-300x100.jpg\" alt=\"logo-wordpress-colorato\" width=\"300\" height=\"100\" \/><\/a>Questo tutorial ha come scopo quello di essere d&#8217;aiuto a tutti coloro che si trovano a dover ideare, progetare, gestire un sito scolastico. La prima cosa da fare in questa situazione \u00e8 quella di scegliere lo strumento pi\u00f9 adatto alle proprie esigenze.\u00a0 Quindi, nel nostro caso, di capire se lo strumento giusto possa essere WordPress. Successivamente c&#8217;\u00e8 bisogno di indicazioni, su come procedere. Si pu\u00f2 cimentarsi nella costruzione del sito scolastico con WordPress a vari livelli di difficolt\u00e0, a seconda del grado di esperienza, o del tempo a disposizione, o semplicemente delle preferenze di ciascuno.<\/p>\n<p>Buona lettura<\/p>\n","protected":false},"excerpt":{"rendered":"<p>Questo tutorial ha come scopo quello di essere d&#8217;aiuto a tutti coloro che si trovano a dover ideare, progetare, gestire un sito scolastico. La prima cosa da fare in questa situazione \u00e8 quella di scegliere lo strumento pi\u00f9 adatto alle proprie esigenze.\u00a0 Quindi, nel nostro caso, di capire se lo strumento giusto possa essere WordPress. [&hellip;]<\/p>\n","protected":false},"author":1,"featured_media":0,"parent":0,"menu_order":6,"comment_status":"open","ping_status":"open","template":"","meta":{"footnotes":""},"_links":{"self":[{"href":"https:\/\/icripalimosani.edu.it\/site\/wp-json\/wp\/v2\/pages\/97"}],"collection":[{"href":"https:\/\/icripalimosani.edu.it\/site\/wp-json\/wp\/v2\/pages"}],"about":[{"href":"https:\/\/icripalimosani.edu.it\/site\/wp-json\/wp\/v2\/types\/page"}],"author":[{"embeddable":true,"href":"https:\/\/icripalimosani.edu.it\/site\/wp-json\/wp\/v2\/users\/1"}],"replies":[{"embeddable":true,"href":"https:\/\/icripalimosani.edu.it\/site\/wp-json\/wp\/v2\/comments?post=97"}],"version-history":[{"count":0,"href":"https:\/\/icripalimosani.edu.it\/site\/wp-json\/wp\/v2\/pages\/97\/revisions"}],"wp:attachment":[{"href":"https:\/\/icripalimosani.edu.it\/site\/wp-json\/wp\/v2\/media?parent=97"}],"curies":[{"name":"wp","href":"https:\/\/api.w.org\/{rel}","templated":true}]}}