{"id":992,"date":"2014-09-21T07:29:50","date_gmt":"2014-09-21T05:29:50","guid":{"rendered":"http:\/\/www.icripalimosani.edu.it\/?page_id=992"},"modified":"2014-09-21T07:29:50","modified_gmt":"2014-09-21T05:29:50","slug":"concorso-per-il-nuovo-logo-della-scuola","status":"publish","type":"page","link":"https:\/\/icripalimosani.edu.it\/site\/studenti\/concorso-per-il-nuovo-logo-della-scuola\/","title":{"rendered":"Concorso per il nuovo logo della scuola"},"content":{"rendered":"<p>Cari ragazzi\/e,<\/p>\n<p>con l&#8217;avvio del nuovo anno scolastico, essendo il nostro Istituto composto da tanti plessi, la Dirigente scolastica ha pensato di bandire un concorso per il nuovo logo della scuola. E&#8217; un&#8217;importante occasione per sentirci parte di un tutto, per sviluppare il senso di appartenenza e il valore dell&#8217;unit\u00e0. Il concorso \u00e8 rivolto alle classi quarte e quinte della Scuola Primaria e alle classi prima, seconda e terza della Secondaria di I grado. Donate alla scuola la vostra creativit\u00e0 e fondiamo le basi della nostra crescita insieme.<\/p>\n<p style=\"text-align: center;\">REGOLAMENTO CONCORSO<br \/>\n<strong>\u201cUn&#8217;idea per il logo della nostra scuola\u201d<\/strong><br \/>\nI.C. \u201cAlighieri\u201ddi Ripalimosani<br \/>\nPlessi di Campolieto, Castellino del Biferno, Limosano, Lucito, Matrice, Montagano, Oratino, Petrella Tifernina e Ripalimosani.<br \/>\nA.S.2014\/2015<\/p>\n<p>Art.1: Tema del concorso e partecipazione<br \/>\nLa Scuola \u201cAlighieri\u201ddi Ripalimosani bandisce per l\u2019anno scolastico 2014\/2015 un concorso denominato \u201cun&#8217;idea per il logo della nostra scuola\u201d col fine di creare un logo che rappresenti l&#8217;identit\u00e0 della nostra nuova, grande scuola .<br \/>\nPossono partecipare al concorso tutti gli studenti di ogni plesso dell&#8217;Istituto comprensivo, dalla quarta classe della primaria alla terza classe della secondaria di I grado.<br \/>\nArt.2 Caratteristiche del logo<br \/>\nIL logo dovr\u00e0 essere un simbolo di facile comprensione.<br \/>\nIl disegno dovr\u00e0 essere fatto a mano libera su un foglio formato A4 colore bianco.<br \/>\nIl logo , a pena esclusione, dovr\u00e0 rispettare i seguenti requisiti:<br \/>\nDovr\u00e0 interpretare la nuova identit\u00e0 dell\u2019I.C. \u201cAlighieri\u201d, essere originale e non riproporre progetti preesistenti o in atto e non ricalcare loghi di altri Istituti Comprensivi.<\/p>\n<p>Dovr\u00e0 poter essere ingrandito o ridotto senza perdita di qualit\u00e0 e di efficacia comunicativa.<\/p>\n<p>Dovr\u00e0 essere concepito in funzione della massima riproducibilit\u00e0 su supporti diversi: timbro, tessere, inviti, carta e lettere intestate, manifesti, gadgets diversi (segnalibri, biro, portachiavi o altro materiale).<\/p>\n<p>I colori del logo dovranno essere utilizzati in quadricromia ed in bianco e nero.<\/p>\n<p>Nel caso il logo sia a colori dovr\u00e0 essere riconoscibile anche nelle riproduzioni in bianco e nero<br \/>\nArticolo 3: Copyright<br \/>\nIl progetto deve essere creato esclusivamente per questo concorso. Alla consegna del materiale l\u2019 I.C. di Ripalimosani diventa proprietario e ne acquisisce il diritto.<br \/>\nL\u2019uso del logo sar\u00e0 di esclusiva propriet\u00e0 dell\u2019IC \u201dAlighieri\u201d, che si riserva, inoltre, di renderlo pubblico, facendo esplicita menzione del nome dell\u2019autore.<br \/>\nArticolo 4: Modalit\u00e0 di selezione del vincitore<br \/>\nEntro dicembre la commissione giudicatrice proceder\u00e0 alla scelta del logo vincitore. La decisione della commissione sar\u00e0 insindacabile e definitiva e sar\u00e0 effettuata sulla base dei seguenti elementi:<br \/>\nValore estetico ed artistico<br \/>\nImmediatezza comunicativa<\/p>\n<p>Ogni componente della commissione dar\u00e0 un punteggio compreso tra 0 e 10 punti, la somma dei punteggi assegnati concorrer\u00e0 alla definizione del punteggio complessivo. La commissione sar\u00e0 composta da : la Dirigente Scolastica, la vicaria, la collaboratrice della d.s.,un funzionario amministrativo della scuola, un docente di ogni plesso , un alunno in rappresentanza delle classi della primaria ed uno della secondaria. La selezione degli alunni che andranno nella commissione giudicatrice verr\u00e0 effettuata tramite sorteggio, non potranno essere selezionati per la commissione giudicatrice gli studenti che partecipano al concorso stesso.<br \/>\nArticolo 5: Proclamazione del vincitore<br \/>\nL\u2019elaborato che avr\u00e0 conseguito il miglior punteggio sar\u00e0 il vincitore e verranno riconosciuti anche il secondo e terzo posto.<br \/>\nArticolo 6: Premi<br \/>\nNon \u00e8 previsto il conferimento di nessun premio in denaro. Si invitano pertanto i partecipanti a donare il loro genio artistico a beneficio dell\u2019istituto; la scuola intende comunque assegnare un premio simbolico ai primi tre classificati. La scuola diventa proprietaria del logo stesso. I primi tre classificati saranno premiati in una manifestazione che si terr\u00e0 prima della fine dell\u2019anno scolastico.<br \/>\nArticolo 7: Accettazione del regolamento e informazioni<br \/>\nLa partecipazione al concorso implica la piena accettazione di questo regolamento.<\/p>\n<p>Art.8 Termini e modalit\u00e0 di consegna degli elaborati<br \/>\nCiascun disegno dovr\u00e0 essere consegnato presso la segreteria della scuola entro la fine di novembre 2014. I disegni non dovranno recare alcuna firma,nome o segno di riconoscimento dell\u2019autore sul frontespizio pena l\u2019esclusione. Il nome dovr\u00e0 essere riportato sul retro insieme alla classe di appartenenza.<br \/>\n\u00ad\u00ad La Dirigente Scolastica<br \/>\nprof.ssa Marina Crema<\/p>\n","protected":false},"excerpt":{"rendered":"<p>Cari ragazzi\/e, con l&#8217;avvio del nuovo anno scolastico, essendo il nostro Istituto composto da tanti plessi, la Dirigente scolastica ha pensato di bandire un concorso per il nuovo logo della scuola. E&#8217; un&#8217;importante occasione per sentirci parte di un tutto, per sviluppare il senso di appartenenza e il valore dell&#8217;unit\u00e0. Il concorso \u00e8 rivolto alle [&hellip;]<\/p>\n","protected":false},"author":1,"featured_media":0,"parent":65225,"menu_order":0,"comment_status":"closed","ping_status":"closed","template":"","meta":{"footnotes":""},"_links":{"self":[{"href":"https:\/\/icripalimosani.edu.it\/site\/wp-json\/wp\/v2\/pages\/992"}],"collection":[{"href":"https:\/\/icripalimosani.edu.it\/site\/wp-json\/wp\/v2\/pages"}],"about":[{"href":"https:\/\/icripalimosani.edu.it\/site\/wp-json\/wp\/v2\/types\/page"}],"author":[{"embeddable":true,"href":"https:\/\/icripalimosani.edu.it\/site\/wp-json\/wp\/v2\/users\/1"}],"replies":[{"embeddable":true,"href":"https:\/\/icripalimosani.edu.it\/site\/wp-json\/wp\/v2\/comments?post=992"}],"version-history":[{"count":0,"href":"https:\/\/icripalimosani.edu.it\/site\/wp-json\/wp\/v2\/pages\/992\/revisions"}],"up":[{"embeddable":true,"href":"https:\/\/icripalimosani.edu.it\/site\/wp-json\/wp\/v2\/pages\/65225"}],"wp:attachment":[{"href":"https:\/\/icripalimosani.edu.it\/site\/wp-json\/wp\/v2\/media?parent=992"}],"curies":[{"name":"wp","href":"https:\/\/api.w.org\/{rel}","templated":true}]}}